{"id":873,"date":"2022-08-02T14:31:27","date_gmt":"2022-08-02T12:31:27","guid":{"rendered":"https:\/\/relaunch.dialog-unlocked.ch\/imprint\/"},"modified":"2025-12-02T09:57:37","modified_gmt":"2025-12-02T08:57:37","slug":"imprint","status":"publish","type":"page","link":"https:\/\/dialog-unlocked.ch\/en\/imprint\/","title":{"rendered":"Imprint"},"content":{"rendered":"<div class=\"fusion-fullwidth fullwidth-box fusion-builder-row-1 fusion-flex-container has-pattern-background has-mask-background nonhundred-percent-fullwidth non-hundred-percent-height-scrolling\" style=\"--awb-border-radius-top-left:0px;--awb-border-radius-top-right:0px;--awb-border-radius-bottom-right:0px;--awb-border-radius-bottom-left:0px;--awb-padding-bottom:38px;--awb-margin-bottom:37px;--awb-flex-wrap:wrap;\" ><div class=\"fusion-builder-row fusion-row fusion-flex-align-items-flex-start fusion-flex-content-wrap\" style=\"max-width:1248px;margin-left: calc(-4% \/ 2 );margin-right: calc(-4% \/ 2 );\"><div class=\"fusion-layout-column fusion_builder_column fusion-builder-column-0 fusion_builder_column_1_1 1_1 fusion-flex-column\" style=\"--awb-bg-size:cover;--awb-width-large:100%;--awb-margin-top-large:0px;--awb-spacing-right-large:1.92%;--awb-margin-bottom-large:20px;--awb-spacing-left-large:1.92%;--awb-width-medium:100%;--awb-order-medium:0;--awb-spacing-right-medium:1.92%;--awb-spacing-left-medium:1.92%;--awb-width-small:100%;--awb-order-small:0;--awb-spacing-right-small:1.92%;--awb-spacing-left-small:1.92%;\"><div class=\"fusion-column-wrapper fusion-column-has-shadow fusion-flex-justify-content-flex-start fusion-content-layout-column\"><div class=\"fusion-title title fusion-title-1 fusion-sep-none fusion-title-text fusion-title-size-one\"><h1 class=\"fusion-title-heading title-heading-left\" style=\"margin:0;\"><\/h1><\/div><div class=\"fusion-text fusion-text-1\"><h3 style=\"text-align: center;\">Imprint<\/h3>\n<h5>Anschrift<\/h5>\n<p>[dialog]unlocked gmbh<br \/>\n<span style=\"color: var(--awb-text-color); font-family: var(--awb-text-font-family); font-size: var(--awb-font-size); font-style: var(--awb-text-font-style); letter-spacing: var(--awb-letter-spacing); text-align: var(--awb-content-alignment); text-transform: var(--awb-text-transform); background-color: var(--awb-bg-color-hover);\">Marc Seematter<br \/>\nMigelweg 5<br \/>\nCH-8855 Wangen SZ<\/span><\/p>\n<h5>Haftung f\u00fcr Links<\/h5>\n<p>Verweise und Links auf Webseiten Dritter liegen ausserhalb unseres Verantwortungsbereichs Es wird jegliche Verantwortung f\u00fcr solche Webseiten abgelehnt. Der Zugriff und die Nutzung solcher Webseiten erfolgen auf eigene Gefahr des Nutzers oder der Nutzerin.<\/p>\n<h5>Haftungsausschluss<\/h5>\n<p>Der Autor \u00fcbernimmt keinerlei Gew\u00e4hr hinsichtlich der inhaltlichen Richtigkeit, Genauigkeit, Aktualit\u00e4t, Zuverl\u00e4ssigkeit und Vollst\u00e4ndigkeit der Informationen. Haftungsanspr\u00fcche gegen den Autor wegen Sch\u00e4den materieller oder immaterieller Art, welche aus dem Zugriff oder der Nutzung bzw. Nichtnutzung der ver\u00f6ffentlichten Informationen, durch Missbrauch der Verbindung oder durch technische St\u00f6rungen entstanden sind, werden ausgeschlossen. Alle Angebote sind unverbindlich. Der Autor beh\u00e4lt es sich ausdr\u00fccklich vor, Teile der Seiten oder das gesamte Angebot ohne gesonderte Ank\u00fcndigung zu ver\u00e4ndern, zu erg\u00e4nzen, zu l\u00f6schen oder die Ver\u00f6ffentlichung zeitweise oder endg\u00fcltig einzustellen.<\/p>\n<h5>Copyright<\/h5>\n<p data-fusion-font=\"true\">\u00a9 Copyright 2023 [dialog]unlocked gmbh. Der Inhalt dieser Website ist urheberrechtlich gesch\u00fctzt. Jede Nutzung des Inhalts dieser Site ist nur mit ausdr\u00fccklicher Genehmigung der Firma [dialog]unlocked gmbh gestattet.<\/p>\n<p><span data-fusion-font=\"true\">Umsetzung der Website: Andr\u00e9 Cl\u00e9men\u00e7on (<a href=\"https:\/\/www.clemencon.com\" target=\"_blank\" rel=\"noopener noreferrer\">clemencon.com<\/a>), Ownbit GmbH (<a href=\"https:\/\/ownbit.agency\/\">ownbit.agency<\/a>). <\/span><span data-fusion-font=\"true\">Fotos: Mathias N\u00e4geli (Portrait, <a href=\"https:\/\/www.mathias-naegeli.com\/\" target=\"_blank\" rel=\"noopener noreferrer\">mathias-naegeli.com<\/a>), Adobe Stock.<\/span><\/p>\n<\/div><\/div><\/div><\/div><\/div>\n","protected":false},"excerpt":{"rendered":"","protected":false},"author":1,"featured_media":0,"parent":0,"menu_order":0,"comment_status":"closed","ping_status":"closed","template":"100-width.php","meta":{"inline_featured_image":false,"footnotes":""},"class_list":["post-873","page","type-page","status-publish","hentry"],"_links":{"self":[{"href":"https:\/\/dialog-unlocked.ch\/en\/wp-json\/wp\/v2\/pages\/873","targetHints":{"allow":["GET"]}}],"collection":[{"href":"https:\/\/dialog-unlocked.ch\/en\/wp-json\/wp\/v2\/pages"}],"about":[{"href":"https:\/\/dialog-unlocked.ch\/en\/wp-json\/wp\/v2\/types\/page"}],"author":[{"embeddable":true,"href":"https:\/\/dialog-unlocked.ch\/en\/wp-json\/wp\/v2\/users\/1"}],"replies":[{"embeddable":true,"href":"https:\/\/dialog-unlocked.ch\/en\/wp-json\/wp\/v2\/comments?post=873"}],"version-history":[{"count":6,"href":"https:\/\/dialog-unlocked.ch\/en\/wp-json\/wp\/v2\/pages\/873\/revisions"}],"predecessor-version":[{"id":1171,"href":"https:\/\/dialog-unlocked.ch\/en\/wp-json\/wp\/v2\/pages\/873\/revisions\/1171"}],"wp:attachment":[{"href":"https:\/\/dialog-unlocked.ch\/en\/wp-json\/wp\/v2\/media?parent=873"}],"curies":[{"name":"wp","href":"https:\/\/api.w.org\/{rel}","templated":true}]}}