{"id":867,"date":"2022-08-02T14:08:06","date_gmt":"2022-08-02T12:08:06","guid":{"rendered":"https:\/\/relaunch.dialog-unlocked.ch\/privacy-policy\/"},"modified":"2023-10-17T20:55:42","modified_gmt":"2023-10-17T18:55:42","slug":"privacy-policy","status":"publish","type":"page","link":"https:\/\/dialog-unlocked.ch\/en\/privacy-policy\/","title":{"rendered":"Privacy Policy"},"content":{"rendered":"<div class=\"fusion-fullwidth fullwidth-box fusion-builder-row-1 fusion-flex-container has-pattern-background has-mask-background nonhundred-percent-fullwidth non-hundred-percent-height-scrolling\" style=\"--awb-border-radius-top-left:0px;--awb-border-radius-top-right:0px;--awb-border-radius-bottom-right:0px;--awb-border-radius-bottom-left:0px;--awb-padding-bottom:38px;--awb-flex-wrap:wrap;\" ><div class=\"fusion-builder-row fusion-row fusion-flex-align-items-flex-start fusion-flex-content-wrap\" style=\"max-width:1248px;margin-left: calc(-4% \/ 2 );margin-right: calc(-4% \/ 2 );\"><div class=\"fusion-layout-column fusion_builder_column fusion-builder-column-0 fusion_builder_column_1_1 1_1 fusion-flex-column\" style=\"--awb-bg-size:cover;--awb-width-large:100%;--awb-margin-top-large:0px;--awb-spacing-right-large:1.92%;--awb-margin-bottom-large:20px;--awb-spacing-left-large:1.92%;--awb-width-medium:100%;--awb-order-medium:0;--awb-spacing-right-medium:1.92%;--awb-spacing-left-medium:1.92%;--awb-width-small:100%;--awb-order-small:0;--awb-spacing-right-small:1.92%;--awb-spacing-left-small:1.92%;\"><div class=\"fusion-column-wrapper fusion-column-has-shadow fusion-flex-justify-content-flex-start fusion-content-layout-column\"><div class=\"fusion-title title fusion-title-1 fusion-sep-none fusion-title-text fusion-title-size-one\"><h1 class=\"fusion-title-heading title-heading-left\" style=\"margin:0;\"><\/h1><\/div><div class=\"fusion-text fusion-text-1\"><h3 style=\"text-align: center;\">Datenschutzerkl\u00e4rung der dialog unlocked gmbh<\/h3>\n<p>Version vom 7. Juli 2023<\/p>\n<p style=\"font-weight: 400;\">In dieser Datenschutzerkl\u00e4rung erl\u00e4utern wir, die dialog unlocked gmbh (\u201e<strong>[dialog]unlocked<\/strong>\u201c), wie wir Personendaten erheben und gegebenenfalls bearbeiten.<\/p>\n<p style=\"font-weight: 400;\">Ihre Personendaten erheben und bearbeiten wir sorgf\u00e4ltig, nur zu den in dieser Datenschutzerkl\u00e4rung beschriebenen Zwecken und nur im daf\u00fcr notwendigen Umfang sowie im Rahmen der anwendbaren Gesetzesvorschriften. Wir bewahren Ihre Personendaten nur soweit und solange auf, als es zur Erbringung unserer Dienstleistungen erforderlich ist oder dies gesetzlich vorgesehen ist.<\/p>\n<p style=\"font-weight: 400;\">Dies ist keine abschliessende Beschreibung. Allenfalls regeln allgemeine Gesch\u00e4ftsbedingungen und \u00e4hnliche Dokumente spezifische Sachverhalte. Unter Personendaten werden alle Angaben verstanden, die sich auf eine bestimmte oder bestimmbare Person beziehen.<\/p>\n<p style=\"font-weight: 400;\">Wenn Sie uns Personendaten anderer Personen (z.B. Familienmitglieder, Daten von Arbeitskollegen) zur Verf\u00fcgung stellen, stellen Sie bitte sicher, dass diese Personen die vorliegende Datenschutzerkl\u00e4rung kennen, und teilen Sie uns deren Personendaten nur mit, wenn Sie dies d\u00fcrfen und wenn diese Personendaten korrekt sind.<\/p>\n<p style=\"font-weight: 400;\">Diese Datenschutzerkl\u00e4rung ist auf die Anforderungen der EU-Datenschutz-Grundverordnung (\u00ab<strong>DSGVO<\/strong>\u00bb), das Schweizer Datenschutzgesetz (\u00ab<strong>DSG<\/strong>\u00bb) und das revidierte Schweizer Datenschutzgesetz (\u00ab<strong>revDSG<\/strong>\u00bb) ausgelegt. Ob und inwieweit diese Gesetze anwendbar sind, h\u00e4ngt jedoch vom Einzelfall ab.<\/p>\n<h5><strong>1. Verantwortlicher Datenschutzbeauftragter \/ Vertreter <\/strong><\/h5>\n<p style=\"font-weight: 400;\">Datenschutzbeauftragter und verantwortlich f\u00fcr die Datenbearbeitungen, die wir hier beschreiben, ist Marc Seematter, dialog unlocked gmbh, Kirchmattstrasse 15, 6312 Steinhausen. Wenn Sie datenschutzrechtliche Anliegen haben, k\u00f6nnen Sie uns diese an folgende Kontaktadresse mitteilen: dialog unlocked gmbh, z. Hd. Marc Seematter, Kirchmattstrasse 15, 6312 Steinhausen, marc.seematter@dialog-unlocked.ch.<\/p>\n<p style=\"font-weight: 400;\">Unser Vertreter im EWR nach Art. 27 DSGVO (sofern erforderlich) ist: Marc Seematter, dialog unlocked gmbh, Kirchmattstrasse 15, 6312 Steinhausen.<\/p>\n<h5><strong>2. Erhebung und Bearbeitung von Personendaten <\/strong><\/h5>\n<p style=\"font-weight: 400;\">Wir bearbeiten in erster Linie die Personendaten, die wir im Rahmen unserer Gesch\u00e4ftsbeziehung mit unseren Kunden und anderen Gesch\u00e4ftspartnern von diesen und weiteren daran beteiligten Personen erhalten oder die wir beim Betrieb unserer Websites und weiteren Anwendungen von deren Nutzern erheben.<\/p>\n<p style=\"font-weight: 400;\">Soweit dies erlaubt ist, entnehmen wir auch \u00f6ffentlich zug\u00e4nglichen Quellen (z.B. Betreibungsregister, Grundb\u00fccher, Handelsregister, Presse, Internet) gewisse Daten oder erhalten solche von anderen Unternehmen, von Beh\u00f6rden und sonstigen Dritten, insbesondere damit wir Vertr\u00e4ge mit ihnen abschliessen oder abwickeln k\u00f6nnen.<\/p>\n<p style=\"font-weight: 400;\">Nebst den Daten von Ihnen, die Sie uns direkt geben, umfassen die Kategorien von Personendaten, die wir von Dritten \u00fcber Sie erhalten, insbesondere Angaben aus \u00f6ffentlichen Registern; Angaben, die wir im Zusammenhang mit beh\u00f6rdlichen und gerichtlichen Verfahren erfahren; Angaben im Zusammenhang mit ihren beruflichen Funktionen und Aktivit\u00e4ten; Angaben \u00fcber Sie in Korrespondenz und Besprechungen mit Dritten; Angaben \u00fcber Sie, die uns Personen aus Ihrem Umfeld (Berater, Rechtsvertreter, etc.) geben, damit wir Vertr\u00e4ge mit Ihnen oder unter Einbezug von Ihnen abschliessen oder abwickeln k\u00f6nnen (z.B. Referenzen, Ihre Adresse f\u00fcr Lieferungen, Vollmachten, Angaben zur Einhaltung gesetzlicher Vorgaben wie etwa der Geldw\u00e4schereibek\u00e4mpfung und Exportrestriktionen); Angaben aus Medien und Internet zu Ihrer Person (soweit dies im konkreten Fall angezeigt ist, z.B. im Zusammenhang mit Recherche\/Marketing\/Verkauf, etc.); Daten im Zusammenhang mit der Benutzung unserer Website (z.B. IP-Adresse, MAC-Adresse des Smartphones oder Computers, Datum und Zeit des Besuchs, abgerufene Seiten und Inhalte).<\/p>\n<h5><strong>3. Zwecke der Datenbearbeitung und Rechtsgrundlagen <\/strong><\/h5>\n<p style=\"font-weight: 400;\">Wir verwenden die von uns erhobenen Personendaten in erster Linie, um unsere Vertr\u00e4ge mit unseren Kunden und Gesch\u00e4ftspartnern abzuschliessen und abzuwickeln, so insbesondere im Rahmen der Beratung von Verg\u00fctungsmodellen und Beteiligungspl\u00e4nen (Incentive Plans) mit unseren Kunden sowie Rechts- und Steuerberatung unserer Kunden, der Durchf\u00fchrung von Mediationen sowie um unseren gesetzlichen Pflichten im In- und Ausland nachzukommen. Wenn Sie f\u00fcr einen solchen Kunden oder Gesch\u00e4ftspartner t\u00e4tig sind, k\u00f6nnen Sie in dieser Funktion mit Ihren Personendaten nat\u00fcrlich ebenfalls davon betroffen sein.<\/p>\n<p style=\"font-weight: 400;\">Dar\u00fcber hinaus bearbeiten wir Personendaten von Ihnen und weiteren Personen, soweit erlaubt und es uns als angezeigt erscheint, auch f\u00fcr folgende Zwecke, an denen wir (und zuweilen auch Dritte) ein dem Zweck entsprechendes berechtigtes Interesse haben:<\/p>\n<ul>\n<li>Angebot und Weiterentwicklung unserer Angebote, Dienstleistungen und Website, und weiteren Plattformen, auf welchen wir pr\u00e4sent sind;<\/li>\n<li>Pr\u00fcfung und Optimierung von Verfahren zur Bedarfsanalyse zwecks direkter Kundenansprache sowie Erhebung von Personendaten aus \u00f6ffentlich zug\u00e4nglichen Quellen zwecks Kundenakquisition;<\/li>\n<li>Werbung und Marketing (einschliesslich Durchf\u00fchrung von Anl\u00e4ssen), soweit Sie der Nutzung Ihrer Daten nicht widersprochen haben (wenn wir Ihnen als bestehender Kunde von uns Werbung zukommen lassen, k\u00f6nnen Sie dem jederzeit widersprechen, wir setzen Sie dann auf eine Sperrliste gegen weitere Werbesendungen);<\/li>\n<li>Markt- und Meinungsforschung, Medienbeobachtung;<\/li>\n<li>Geltendmachung rechtlicher Anspr\u00fcche und Verteidigung in Zusammenhang mit rechtlichen Streitigkeiten und beh\u00f6rdlichen Verfahren;<\/li>\n<li>Gew\u00e4hrleistungen unseres Betriebs, insbesondere der IT, unserer Websites, Apps und weiteren Plattformen.<\/li>\n<\/ul>\n<p style=\"font-weight: 400;\">Wenn Sie uns eine spezifische Einwilligung zur Bearbeitung Ihrer Personaldaten f\u00fcr bestimmte Zwecke erteilt haben (zum Beispiel bei Ihrer Anmeldung zum Erhalt von Newslettern oder Durchf\u00fchrung eines Background-Checks), bearbeiten wir Ihre Personendaten im Rahmen und gest\u00fctzt auf diese Einwilligung, soweit wir keine andere Rechtsgrundlage haben und wir eine solche ben\u00f6tigen. Eine erteilte Einwilligung kann jederzeit widerrufen werden, was jedoch keine Auswirkung auf bereits erfolgte Datenbearbeitungen hat.<\/p>\n<h5><strong>4. Technologien im Zusammenhang mit der Nutzung unserer Website <\/strong><\/h5>\n<p style=\"font-weight: 400;\">Wir setzen auf unseren Websites mitunter sog. Plug-Ins von sozialen Netzwerken wie z.B. LinkedIn ein. Das ist f\u00fcr Sie jeweils ersichtlich (typischerweise \u00fcber entsprechende Symbole). Wir haben diese Elemente so konfiguriert, dass sie standardm\u00e4ssig deaktiviert sind. Aktivieren Sie sie (durch Anklicken), k\u00f6nnen die Betreiber der jeweiligen sozialen Netzwerke registrieren, dass Sie auf unserer Website sind und wo und k\u00f6nnen diese Informationen f\u00fcr ihre Zwecke nutzen. Die Bearbeitung Ihrer Personendaten erfolgt dann in Verantwortung dieses Betreibers nach dessen Datenschutzbestimmungen. Wir erhalten von ihm keine Angaben zu Ihnen.<\/p>\n<h5><strong>5. Datenweitergabe und Daten\u00fcbermittlung ins Ausland <\/strong><\/h5>\n<p style=\"font-weight: 400;\">Wir geben im Rahmen unserer gesch\u00e4ftlichen Aktivit\u00e4ten und der Zwecke gem\u00e4ss Ziff. 3, soweit erlaubt und es uns als angezeigt erscheint, Daten auch Dritten bekannt, sei es, weil sie diese f\u00fcr uns bearbeiten, sei es, weil sie sie f\u00fcr ihre eigenen Zwecke verwenden wollen. Dabei geht es insbesondere um folgende Stellen:<\/p>\n<ul>\n<li>Dienstleister von uns (wie z.B. Banken, Versicherungen), einschliesslich Auftragsbearbeitern (wie z.B. IT-Provider, Software, etc.);<\/li>\n<li>Unterbeauftragte und Kooperationspartner (z.B. bei der Abkl\u00e4rung internationaler Steuer- und Rechtsfragen);<\/li>\n<li>in- und ausl\u00e4ndische Beh\u00f6rden oder Amtsstellen (z.B. im Zusammenhang mit Steuerrulings);<\/li>\n<li>anderen Parteien in m\u00f6glichen oder tats\u00e4chlichen Rechtsverfahren;<\/li>\n<\/ul>\n<p style=\"font-weight: 400;\">alle gemeinsam \u201e<strong>Empf\u00e4nger<\/strong>\u201c.<\/p>\n<p style=\"font-weight: 400;\">Diese Empf\u00e4nger sind teilweise im Inland, k\u00f6nnen aber irgendwo auf der Erde sein. Sie m\u00fcssen insbesondere mit der \u00dcbermittlung Ihrer Daten in diejenigen L\u00e4nder rechnen, wo sich die von uns benutzten Dienstleister befinden.<\/p>\n<p style=\"font-weight: 400;\">Befindet sich ein Empf\u00e4nger in einem Land ohne angemessenen gesetzlichen Datenschutz, verpflichten wir den Empf\u00e4nger vertraglich zur Einhaltung des anwendbaren Datenschutzes, soweit er nicht bereits einem gesetzlich anerkannten Regelwerk zur Sicherstellung des Datenschutzes unterliegt und wir uns nicht auf eine Ausnahmebestimmung st\u00fctzen k\u00f6nnen. Eine Ausnahme kann namentlich bei Rechtsverfahren im Ausland gelten, aber auch in F\u00e4llen \u00fcberwiegender \u00f6ffentlicher Interessen oder wenn eine Vertragsabwicklung eine solche Bekanntgabe erfordert, wenn Sie eingewilligt haben oder wenn es sich um von Ihnen allgemein zug\u00e4nglich gemachte Daten handelt, deren Bearbeitung Sie nicht widersprochen haben.<\/p>\n<h5><strong>6. Dauer der Aufbewahrung von Personendaten <\/strong><\/h5>\n<p style=\"font-weight: 400;\">Wir verarbeiten und speichern Ihre Personendaten, solange es f\u00fcr die Erf\u00fcllung unserer vertraglichen und gesetzlichen Pflichten oder sonst die mit der Bearbeitung verfolgten Zwecke erforderlich ist, d.h. also zum Beispiel f\u00fcr die Dauer der gesamten Gesch\u00e4ftsbeziehung (von der Anbahnung, Abwicklung bis zur Beendigung eines Vertrags) sowie dar\u00fcber hinaus gem\u00e4ss den gesetzlichen Aufbewahrungs- und Dokumentationspflichten. Dabei ist es m\u00f6glich, dass Personendaten f\u00fcr die Zeit aufbewahrt werden, in der Anspr\u00fcche gegen unser Unternehmen geltend gemacht werden k\u00f6nnen und soweit wir anderweitig gesetzlich dazu verpflichtet sind oder berechtigte Gesch\u00e4ftsinteressen dies erfordern (z.B. f\u00fcr Beweis- und Dokumentationszwecke). Sobald Ihre Personendaten f\u00fcr die oben genannten Zwecke nicht mehr erforderlich sind, werden sie grunds\u00e4tzlich und soweit m\u00f6glich gel\u00f6scht oder anonymisiert.<\/p>\n<h5><strong>7. Datensicherheit<\/strong><\/h5>\n<p style=\"font-weight: 400;\">Wir treffen angemessene technische und organisatorische Sicherheitsvorkehrungen zum Schutz Ihrer Personendaten vor unberechtigtem Zugriff und Missbrauch wie etwa IT- und Netzwerksicherheitsl\u00f6sungen, sowie angemessene Verschl\u00fcsselung von Datentr\u00e4gern und \u00dcbermittlungen (soweit erforderlich oder mit Ihnen bzw. dem betreffenden Kunden vereinbart).<\/p>\n<h5><strong>8. Pflicht zur Bereitstellung von Personendaten<\/strong><\/h5>\n<p style=\"font-weight: 400;\">Im Rahmen unserer Gesch\u00e4ftsbeziehung m\u00fcssen Sie diejenigen Personendaten bereitstellen, die f\u00fcr die Aufnahme und Durchf\u00fchrung einer Gesch\u00e4ftsbeziehung und der Erf\u00fcllung der damit verbundenen vertraglichen Pflichten erforderlich sind (eine gesetzliche Pflicht, uns Daten bereitzustellen, haben Sie in der Regel nicht). Ohne diese Daten werden wir in der Regel nicht in der Lage sein, einen Vertrag mit Ihnen (oder der Stelle oder Person, die Sie vertreten) zu schliessen oder diesen abzuwickeln. Auch die Website kann nicht genutzt werden, wenn gewisse Angaben zur Sicherstellung des Datenverkehrs (wie z.B. IP-Adresse) nicht offengelegt wird.<\/p>\n<h5><strong>9. Rechte der betroffenen Person <\/strong><\/h5>\n<p style=\"font-weight: 400;\">Sie haben im Rahmen des auf Sie anwendbaren Datenschutzrechts und soweit darin vorgesehen (wie etwa im Falle der DSGVO) das Recht auf Auskunft, Berichtigung, L\u00f6schung, das Recht auf Einschr\u00e4nkung der Datenbearbeitung und sonst dem Widerspruch gegen unsere Datenbearbeitungen, insbesondere jener f\u00fcr Zwecke des Direktmarketings und weiterer berechtigter Interessen an der Bearbeitung sowie auf Herausgabe gewisser Personendaten zwecks \u00dcbertragung an eine andere Stelle (sog. Datenportabilit\u00e4t). Bitte beachten Sie aber, dass wir uns vorbehalten, unsererseits die gesetzlich vorgesehenen Einschr\u00e4nkungen geltend zu machen, etwa wenn wir zur Aufbewahrung oder Bearbeitung gewisser Daten verpflichtet sind, daran ein \u00fcberwiegendes Interesse haben (soweit wir uns darauf berufen d\u00fcrfen) oder sie f\u00fcr die Geltendmachung von Anspr\u00fcchen ben\u00f6tigen. Falls f\u00fcr Sie Kosten anfallen, werden wir Sie vorab informieren. \u00dcber die M\u00f6glichkeit, Ihre Einwilligung zu widerrufen, haben wir bereits in Ziff. 3 informiert. Beachten Sie, dass die Aus\u00fcbung dieser Rechte im Konflikt zu vertraglichen Abmachungen stehen kann und dies Folgen wie z.B. die vorzeitige Vertragsaufl\u00f6sung oder Kostenfolgen haben kann. Wir werden Sie diesfalls vorg\u00e4ngig informieren, wo dies nicht bereits vertraglich geregelt ist.<\/p>\n<p style=\"font-weight: 400;\">Die Aus\u00fcbung solcher Rechte setzt in der Regel voraus, dass Sie Ihre Identit\u00e4t eindeutig nachweisen (z.B. durch eine Ausweiskopie, wo Ihre Identit\u00e4t sonst nicht klar ist bzw. verifiziert werden kann). Zur Geltendmachung Ihrer Rechte k\u00f6nnen Sie uns unter der in Ziffer 1 angegebenen Adresse kontaktieren.<\/p>\n<p style=\"font-weight: 400;\">Jede betroffene Person hat \u00fcberdies das Recht, ihre Anspr\u00fcche gerichtlich durchzusetzen oder bei der zust\u00e4ndigen Datenschutzbeh\u00f6rde eine Beschwerde einzureichen. Die zust\u00e4ndige Datenschutzbeh\u00f6rde der Schweiz ist der Eidgen\u00f6ssische Datenschutz- und \u00d6ffentlichkeitsbeauftragte (http:\/\/www.edoeb.admin.ch).<\/p>\n<h5><strong>10. \u00c4nderungen <\/strong><\/h5>\n<p style=\"font-weight: 400;\">Wir k\u00f6nnen diese Datenschutzerkl\u00e4rung jederzeit ohne Vorank\u00fcndigung anpassen. Es gilt die jeweils aktuelle, auf unserer Website publizierte Fassung. Soweit die Datenschutzerkl\u00e4rung Teil einer Vereinbarung mit Ihnen ist, werden wir Sie im Falle einer Aktualisierung \u00fcber die \u00c4nderung per E-Mail oder auf andere geeignete Weise informieren.<\/p>\n<\/div><\/div><\/div><\/div><\/div>\n","protected":false},"excerpt":{"rendered":"","protected":false},"author":1,"featured_media":0,"parent":0,"menu_order":0,"comment_status":"closed","ping_status":"closed","template":"","meta":{"inline_featured_image":false,"footnotes":""},"class_list":["post-867","page","type-page","status-publish","hentry"],"_links":{"self":[{"href":"https:\/\/dialog-unlocked.ch\/en\/wp-json\/wp\/v2\/pages\/867","targetHints":{"allow":["GET"]}}],"collection":[{"href":"https:\/\/dialog-unlocked.ch\/en\/wp-json\/wp\/v2\/pages"}],"about":[{"href":"https:\/\/dialog-unlocked.ch\/en\/wp-json\/wp\/v2\/types\/page"}],"author":[{"embeddable":true,"href":"https:\/\/dialog-unlocked.ch\/en\/wp-json\/wp\/v2\/users\/1"}],"replies":[{"embeddable":true,"href":"https:\/\/dialog-unlocked.ch\/en\/wp-json\/wp\/v2\/comments?post=867"}],"version-history":[{"count":5,"href":"https:\/\/dialog-unlocked.ch\/en\/wp-json\/wp\/v2\/pages\/867\/revisions"}],"predecessor-version":[{"id":872,"href":"https:\/\/dialog-unlocked.ch\/en\/wp-json\/wp\/v2\/pages\/867\/revisions\/872"}],"wp:attachment":[{"href":"https:\/\/dialog-unlocked.ch\/en\/wp-json\/wp\/v2\/media?parent=867"}],"curies":[{"name":"wp","href":"https:\/\/api.w.org\/{rel}","templated":true}]}}